{"id":242,"date":"2025-07-23T19:16:26","date_gmt":"2025-07-23T17:16:26","guid":{"rendered":"https:\/\/www.wuelkerhundepension.de\/?page_id=242"},"modified":"2025-07-23T19:35:28","modified_gmt":"2025-07-23T17:35:28","slug":"impressum","status":"publish","type":"page","link":"https:\/\/www.wuelkerhundepension.de\/en\/impressum\/","title":{"rendered":"Impressum"},"content":{"rendered":"<div data-elementor-type=\"wp-page\" data-elementor-id=\"242\" class=\"elementor elementor-242\" data-elementor-post-type=\"page\">\n\t\t\t\t\t\t<main class=\"elementor-section elementor-top-section elementor-element elementor-element-380e742f elementor-section-height-min-height elementor-section-items-stretch elementor-section-boxed elementor-section-height-default\" data-id=\"380e742f\" data-element_type=\"section\">\n\t\t\t\t\t\t<div class=\"elementor-container elementor-column-gap-default\">\n\t\t\t\t\t<div class=\"elementor-column elementor-col-100 elementor-top-column elementor-element elementor-element-722435fc\" data-id=\"722435fc\" data-element_type=\"column\">\n\t\t\t<div class=\"elementor-widget-wrap elementor-element-populated\">\n\t\t\t\t\t\t<div class=\"elementor-element elementor-element-3836b9bf elementor-absolute elementor-widget elementor-widget-spacer\" data-id=\"3836b9bf\" data-element_type=\"widget\" data-settings=\"{&quot;_position&quot;:&quot;absolute&quot;}\" data-widget_type=\"spacer.default\">\n\t\t\t\t<div class=\"elementor-widget-container\">\n\t\t\t\t\t\t\t<div class=\"elementor-spacer\">\n\t\t\t<div class=\"elementor-spacer-inner\"><\/div>\n\t\t<\/div>\n\t\t\t\t\t\t<\/div>\n\t\t\t\t<\/div>\n\t\t\t\t<div class=\"elementor-element elementor-element-50561258 elementor-absolute elementor-widget elementor-widget-spacer\" data-id=\"50561258\" data-element_type=\"widget\" data-settings=\"{&quot;_position&quot;:&quot;absolute&quot;}\" data-widget_type=\"spacer.default\">\n\t\t\t\t<div class=\"elementor-widget-container\">\n\t\t\t\t\t\t\t<div class=\"elementor-spacer\">\n\t\t\t<div class=\"elementor-spacer-inner\"><\/div>\n\t\t<\/div>\n\t\t\t\t\t\t<\/div>\n\t\t\t\t<\/div>\n\t\t\t\t<div class=\"elementor-element elementor-element-60bcdb51 elementor-widget__width-auto elementor-invisible elementor-widget elementor-widget-heading\" data-id=\"60bcdb51\" data-element_type=\"widget\" data-settings=\"{&quot;_animation&quot;:&quot;fadeInLeft&quot;,&quot;_animation_delay&quot;:100}\" data-widget_type=\"heading.default\">\n\t\t\t\t<div class=\"elementor-widget-container\">\n\t\t\t\t\t<span class=\"elementor-heading-title elementor-size-default\"><a href=\"https:\/\/www.wuelkerhundepension.de\/en\">Home<\/a><\/span>\t\t\t\t<\/div>\n\t\t\t\t<\/div>\n\t\t\t\t<div class=\"elementor-element elementor-element-2423feca elementor-widget__width-auto elementor-invisible elementor-widget elementor-widget-heading\" data-id=\"2423feca\" data-element_type=\"widget\" data-settings=\"{&quot;_animation&quot;:&quot;fadeInLeft&quot;,&quot;_animation_delay&quot;:200}\" data-widget_type=\"heading.default\">\n\t\t\t\t<div class=\"elementor-widget-container\">\n\t\t\t\t\t<span class=\"elementor-heading-title elementor-size-default\">\u00ba<\/span>\t\t\t\t<\/div>\n\t\t\t\t<\/div>\n\t\t\t\t<div class=\"elementor-element elementor-element-5ba03b9e elementor-absolute elementor-widget elementor-widget-spacer\" data-id=\"5ba03b9e\" data-element_type=\"widget\" data-settings=\"{&quot;_position&quot;:&quot;absolute&quot;}\" data-widget_type=\"spacer.default\">\n\t\t\t\t<div class=\"elementor-widget-container\">\n\t\t\t\t\t\t\t<div class=\"elementor-spacer\">\n\t\t\t<div class=\"elementor-spacer-inner\"><\/div>\n\t\t<\/div>\n\t\t\t\t\t\t<\/div>\n\t\t\t\t<\/div>\n\t\t\t\t<div class=\"elementor-element elementor-element-2ac17f92 elementor-absolute elementor-widget elementor-widget-spacer\" data-id=\"2ac17f92\" data-element_type=\"widget\" data-settings=\"{&quot;_position&quot;:&quot;absolute&quot;}\" data-widget_type=\"spacer.default\">\n\t\t\t\t<div class=\"elementor-widget-container\">\n\t\t\t\t\t\t\t<div class=\"elementor-spacer\">\n\t\t\t<div class=\"elementor-spacer-inner\"><\/div>\n\t\t<\/div>\n\t\t\t\t\t\t<\/div>\n\t\t\t\t<\/div>\n\t\t\t\t<div class=\"elementor-element elementor-element-7d866e5e elementor-absolute elementor-hidden-mobile elementor-widget elementor-widget-spacer\" data-id=\"7d866e5e\" data-element_type=\"widget\" data-settings=\"{&quot;_position&quot;:&quot;absolute&quot;}\" data-widget_type=\"spacer.default\">\n\t\t\t\t<div class=\"elementor-widget-container\">\n\t\t\t\t\t\t\t<div class=\"elementor-spacer\">\n\t\t\t<div class=\"elementor-spacer-inner\"><\/div>\n\t\t<\/div>\n\t\t\t\t\t\t<\/div>\n\t\t\t\t<\/div>\n\t\t\t\t<div class=\"elementor-element elementor-element-464d71ef elementor-absolute elementor-hidden-mobile elementor-widget__width-initial elementor-widget elementor-widget-spacer\" data-id=\"464d71ef\" data-element_type=\"widget\" data-settings=\"{&quot;_position&quot;:&quot;absolute&quot;}\" data-widget_type=\"spacer.default\">\n\t\t\t\t<div class=\"elementor-widget-container\">\n\t\t\t\t\t\t\t<div class=\"elementor-spacer\">\n\t\t\t<div class=\"elementor-spacer-inner\"><\/div>\n\t\t<\/div>\n\t\t\t\t\t\t<\/div>\n\t\t\t\t<\/div>\n\t\t\t\t<div class=\"elementor-element elementor-element-7eb3385f elementor-absolute elementor-widget elementor-widget-spacer\" data-id=\"7eb3385f\" data-element_type=\"widget\" data-settings=\"{&quot;_position&quot;:&quot;absolute&quot;}\" data-widget_type=\"spacer.default\">\n\t\t\t\t<div class=\"elementor-widget-container\">\n\t\t\t\t\t\t\t<div class=\"elementor-spacer\">\n\t\t\t<div class=\"elementor-spacer-inner\"><\/div>\n\t\t<\/div>\n\t\t\t\t\t\t<\/div>\n\t\t\t\t<\/div>\n\t\t\t\t<div class=\"elementor-element elementor-element-58e685f0 elementor-absolute elementor-widget elementor-widget-spacer\" data-id=\"58e685f0\" data-element_type=\"widget\" data-settings=\"{&quot;_position&quot;:&quot;absolute&quot;}\" data-widget_type=\"spacer.default\">\n\t\t\t\t<div class=\"elementor-widget-container\">\n\t\t\t\t\t\t\t<div class=\"elementor-spacer\">\n\t\t\t<div class=\"elementor-spacer-inner\"><\/div>\n\t\t<\/div>\n\t\t\t\t\t\t<\/div>\n\t\t\t\t<\/div>\n\t\t\t\t\t<\/div>\n\t\t<\/div>\n\t\t\t\t\t<\/div>\n\t\t<\/main>\n\t\t\t\t<section class=\"elementor-section elementor-top-section elementor-element elementor-element-6d95fd8e elementor-reverse-tablet elementor-reverse-mobile elementor-section-boxed elementor-section-height-default elementor-section-height-default\" data-id=\"6d95fd8e\" data-element_type=\"section\" data-settings=\"{&quot;shape_divider_bottom&quot;:&quot;curve-asymmetrical&quot;,&quot;shape_divider_bottom_negative&quot;:&quot;yes&quot;}\">\n\t\t\t\t\t<div class=\"elementor-shape elementor-shape-bottom\" aria-hidden=\"true\" data-negative=\"true\">\n\t\t\t<svg xmlns=\"http:\/\/www.w3.org\/2000\/svg\" viewbox=\"0 0 1000 100\" preserveaspectratio=\"none\">\n\t<path class=\"elementor-shape-fill\" d=\"M615.2,96.7C240.2,97.8,0,18.9,0,0v100h1000V0C1000,19.2,989.8,96,615.2,96.7z\"\/>\n<\/svg>\t\t<\/div>\n\t\t\t\t\t<div class=\"elementor-container elementor-column-gap-default\">\n\t\t\t\t\t<div class=\"elementor-column elementor-col-100 elementor-top-column elementor-element elementor-element-34a78c70\" data-id=\"34a78c70\" data-element_type=\"column\" data-settings=\"{&quot;background_background&quot;:&quot;classic&quot;}\">\n\t\t\t<div class=\"elementor-widget-wrap elementor-element-populated\">\n\t\t\t\t\t\t<div class=\"elementor-element elementor-element-f8d1a5d elementor-widget elementor-widget-text-editor\" data-id=\"f8d1a5d\" data-element_type=\"widget\" data-widget_type=\"text-editor.default\">\n\t\t\t\t<div class=\"elementor-widget-container\">\n\t\t\t\t\t\t\t\t\t<h3 data-start=\"181\" data-end=\"208\">Angaben gem\u00e4\u00df \u00a7 5 TMG<\/h3><p data-start=\"209\" data-end=\"289\"><strong data-start=\"209\" data-end=\"232\">Hundepension W\u00fclker<\/strong><br data-start=\"232\" data-end=\"235\" \/>Elke W\u00fclker<br data-start=\"246\" data-end=\"249\" \/>Wester 129<br data-start=\"259\" data-end=\"262\" \/>48607 Ochtrup<br data-start=\"275\" data-end=\"278\" \/>Deutschland<\/p><h3 data-start=\"291\" data-end=\"304\">Contact Us<\/h3><p data-start=\"305\" data-end=\"445\">Telefon: 0171 7022677<br data-start=\"326\" data-end=\"329\" \/>E-Mail: <a class=\"cursor-pointer\" rel=\"noopener\" data-start=\"337\" data-end=\"361\">elke-wuelker@t-online.de<\/a><br data-start=\"361\" data-end=\"364\" \/>Website: <a class=\"\" href=\"https:\/\/www.wuelkerhundepension.de\/en\/\" target=\"_new\" rel=\"noopener\" data-start=\"373\" data-end=\"445\">https:\/\/www.wuelkerhundepension.de<\/a><\/p><h3 data-start=\"447\" data-end=\"504\">Verantwortlich f\u00fcr den Inhalt nach \u00a7 55 Abs. 2 RStV<\/h3><p data-start=\"505\" data-end=\"545\">Elke W\u00fclker<br data-start=\"516\" data-end=\"519\" \/>Wester 129<br data-start=\"529\" data-end=\"532\" \/>48607 Ochtrup<\/p><h3 data-start=\"547\" data-end=\"569\">Gewerbeanmeldung<\/h3><p data-start=\"570\" data-end=\"784\">Die Gewerbeanmeldung nach \u00a7 14 GewO wurde durch die <strong data-start=\"622\" data-end=\"639\">Stadt Ochtrup<\/strong> erteilt.<br data-start=\"648\" data-end=\"651\" \/>Laut Auskunft des Bundesamts f\u00fcr Justiz vom 15.09.2022 liegt <strong data-start=\"712\" data-end=\"758\">keine Eintragung im Gewerbezentralregister<\/strong> vor (\u201eKeine Eintragung\u201c).<\/p><hr data-start=\"786\" data-end=\"789\" \/><h3 data-start=\"791\" data-end=\"813\">Haftungsausschluss<\/h3><h4 data-start=\"815\" data-end=\"841\">Haftung f\u00fcr Inhalte<\/h4><p data-start=\"842\" data-end=\"1334\">Als Diensteanbieter sind wir gem\u00e4\u00df \u00a7 7 Abs. 1 TMG f\u00fcr eigene Inhalte auf diesen Seiten nach den allgemeinen Gesetzen verantwortlich.<br data-start=\"974\" data-end=\"977\" \/>Nach \u00a7\u00a7 8 bis 10 TMG sind wir als Diensteanbieter jedoch nicht verpflichtet, \u00fcbermittelte oder gespeicherte fremde Informationen zu \u00fcberwachen oder nach Umst\u00e4nden zu forschen, die auf eine rechtswidrige T\u00e4tigkeit hinweisen.<br data-start=\"1200\" data-end=\"1203\" \/>Verpflichtungen zur Entfernung oder Sperrung der Nutzung von Informationen nach den allgemeinen Gesetzen bleiben hiervon unber\u00fchrt.<\/p><h4 data-start=\"1336\" data-end=\"1360\">Haftung f\u00fcr Links<\/h4><p data-start=\"1361\" data-end=\"1653\">Unser Angebot enth\u00e4lt Links zu externen Websites Dritter, auf deren Inhalte wir keinen Einfluss haben.<br data-start=\"1463\" data-end=\"1466\" \/>Deshalb k\u00f6nnen wir f\u00fcr diese fremden Inhalte auch keine Gew\u00e4hr \u00fcbernehmen. F\u00fcr die Inhalte der verlinkten Seiten ist stets der jeweilige Anbieter oder Betreiber der Seiten verantwortlich.<\/p><hr data-start=\"1655\" data-end=\"1658\" \/><h3 data-start=\"1660\" data-end=\"1678\">Urheberrecht<\/h3><p data-start=\"1679\" data-end=\"2093\">Die durch die Seitenbetreiber erstellten Inhalte und Werke auf diesen Seiten unterliegen dem deutschen Urheberrecht.<br data-start=\"1795\" data-end=\"1798\" \/>Die Vervielf\u00e4ltigung, Bearbeitung, Verbreitung und jede Art der Verwertung au\u00dferhalb der Grenzen des Urheberrechtes bed\u00fcrfen der schriftlichen Zustimmung des jeweiligen Autors bzw. Erstellers.<br data-start=\"1990\" data-end=\"1993\" \/>Downloads und Kopien dieser Seite sind nur f\u00fcr den privaten, nicht kommerziellen Gebrauch gestattet.<\/p>\t\t\t\t\t\t\t\t<\/div>\n\t\t\t\t<\/div>\n\t\t\t\t\t<\/div>\n\t\t<\/div>\n\t\t\t\t\t<\/div>\n\t\t<\/section>\n\t\t\t\t<\/div>","protected":false},"excerpt":{"rendered":"<p>Home \u00ba Angaben gem\u00e4\u00df \u00a7 5 TMG Hundepension W\u00fclkerElke W\u00fclkerWester 12948607 OchtrupDeutschland Kontakt Telefon: 0171 7022677E-Mail: elke-wuelker@t-online.deWebsite: https:\/\/www.wuelkerhundepension.de Verantwortlich f\u00fcr den Inhalt nach \u00a7 55 Abs. 2 RStV Elke W\u00fclkerWester 12948607 Ochtrup Gewerbeanmeldung Die Gewerbeanmeldung nach \u00a7 14 GewO wurde durch die Stadt Ochtrup erteilt.Laut Auskunft des Bundesamts f\u00fcr Justiz vom 15.09.2022 liegt keine Eintragung [&hellip;]<\/p>","protected":false},"author":1,"featured_media":0,"parent":0,"menu_order":0,"comment_status":"closed","ping_status":"closed","template":"elementor_header_footer","meta":{"footnotes":""},"class_list":["post-242","page","type-page","status-publish","hentry"],"_links":{"self":[{"href":"https:\/\/www.wuelkerhundepension.de\/en\/wp-json\/wp\/v2\/pages\/242","targetHints":{"allow":["GET"]}}],"collection":[{"href":"https:\/\/www.wuelkerhundepension.de\/en\/wp-json\/wp\/v2\/pages"}],"about":[{"href":"https:\/\/www.wuelkerhundepension.de\/en\/wp-json\/wp\/v2\/types\/page"}],"author":[{"embeddable":true,"href":"https:\/\/www.wuelkerhundepension.de\/en\/wp-json\/wp\/v2\/users\/1"}],"replies":[{"embeddable":true,"href":"https:\/\/www.wuelkerhundepension.de\/en\/wp-json\/wp\/v2\/comments?post=242"}],"version-history":[{"count":5,"href":"https:\/\/www.wuelkerhundepension.de\/en\/wp-json\/wp\/v2\/pages\/242\/revisions"}],"predecessor-version":[{"id":267,"href":"https:\/\/www.wuelkerhundepension.de\/en\/wp-json\/wp\/v2\/pages\/242\/revisions\/267"}],"wp:attachment":[{"href":"https:\/\/www.wuelkerhundepension.de\/en\/wp-json\/wp\/v2\/media?parent=242"}],"curies":[{"name":"wp","href":"https:\/\/api.w.org\/{rel}","templated":true}]}}